{"id":113,"date":"2024-03-19T10:42:34","date_gmt":"2024-03-19T10:42:34","guid":{"rendered":"https:\/\/arkoolitus.ee\/test2\/?page_id=113"},"modified":"2026-04-25T18:54:05","modified_gmt":"2026-04-25T15:54:05","slug":"algastme-koolitus","status":"publish","type":"page","link":"https:\/\/arkoolitus.ee\/test2\/algastme-koolitus\/","title":{"rendered":"Algastme koolitus"},"content":{"rendered":"\n<h3 class=\"wp-block-heading\">- alates 974\u20ac<\/h3>\n\n\n\n<p>Hinnas sees e-\u00f5ppe teooria, konsultatsioonitunnid, s\u00f5idutunnid 28x45min, libedas\u00f5idu koolitus, pimeda aja koolitus. <\/p>\n\n\n\n<p>Ainsana lisandub eraldi esmaabikoolitus. Esmaabi koolitusi hetkel ettev\u00f5te ise ei paku, v\u00f5imalik l\u00e4bida koolitust koost\u00f6\u00f6partnerite juures, nende hinnakirja alusel.<\/p>\n\n\n\n<p>E- \u00f5ppe teooriat pakub&nbsp;<a href=\"https:\/\/www.teooria.ee\/\">teooria.ee<\/a>, kus loengud l\u00fchikeste videodena kolmes moodulis ja vahetestidega.<br>Koolituspaketis sisaldub 90-p\u00e4evane kasutus\u00f5igus. Kui aeg saab t\u00e4is v\u00f5imalik \u00f5pilasel pikendada (teooria.ee lehel neile otse tasudes). Harjutusteste ja eksameid v\u00f5imalik teha nii palju kui soovite.<\/p>\n\n\n\n<p>S\u00f5idutunde on paketis 28x45min riikliku \u00f5ppekava j\u00e4rgi.<\/p>\n\n\n\n<p>Lisaks kaks koolituste s\u00f5idutundi (libeda- ja pimedaajas\u00f5it).<br>S\u00f5idutunde viib l\u00e4bi \u00fcle 14 aastase staaziga s\u00f5idu- ja teooria\u00f5petaja Aavo Renser.<br>Lisaks s\u00f5idutundidele viib sama \u00f5petaja ka l\u00e4bi pimeda aja koolitusi.<\/p>\n\n\n\n<p>Libedas\u00f5idukoolitusi pakume koost\u00f6\u00f6s Autos\u00f5it O\u00dc-ga Aseri v\u00f5i Tartu liberadadel.<\/p>\n\n\n\n<p>Esimene sissemakse 80\u20ac, \u00fclej\u00e4\u00e4nu v\u00f5imalik tasuda osadena.<\/p>\n\n\n\n<p><strong>NB! Enne koolitusele registreerumist tee \u00e4ra endale mootors\u00f5idukijuhi terviset\u00f5end!<\/strong><\/p>\n\n\n\n<p><a href=\"https:\/\/arkoolitus.ee\/test2\/wp-content\/uploads\/2024\/04\/Oppekava-ja-ainekaardid2023.pdf\">\u00d5ppekava leitav siit. (pdf failina)<\/a><\/p>\n\n\n\n<p><a href=\"https:\/\/arkoolitus.ee\/test2\/wp-content\/uploads\/2025\/08\/L2025.pdf\" target=\"_blank\" rel=\"noreferrer noopener\">Koolituslepingu n\u00e4idis&nbsp;(pdf.)<\/a><\/p>\n\n\n\n<div class=\"wp-block-buttons is-content-justification-center is-layout-flex wp-container-core-buttons-is-layout-16018d1d wp-block-buttons-is-layout-flex\">\n<div class=\"wp-block-button\"><a class=\"wp-block-button__link has-foreground-color has-tertiary-background-color has-text-color has-background has-link-color wp-element-button\" href=\"https:\/\/arkoolitus.ee\/test2\/registreerumine\/\" style=\"border-width:1px;border-radius:20px\">Registreerun koolitusele<\/a><\/div>\n<\/div>\n\n\n\n<p><\/p>\n\n\n\n<p class=\"has-text-align-center\"><strong>Koolituste eest saab tasuda<\/strong>:<\/p>\n\n\n\n<p class=\"has-text-align-center\">AR Koolitus O\u00dc arveldusarvele:<br>CoopPank: EE714204278623992501<br>Selgitusse koolitatava nimi, ja mille eest tasuti.<\/p>\n\n\n\n<p><\/p>\n","protected":false},"excerpt":{"rendered":"<p>- alates 974\u20ac Hinnas sees e-\u00f5ppe teooria, konsultatsioonitunnid, s\u00f5idutunnid 28x45min, libedas\u00f5idu koolitus, pimeda aja koolitus. Ainsana lisandub eraldi esmaabikoolitus. Esmaabi koolitusi hetkel ettev\u00f5te ise ei paku, v\u00f5imalik l\u00e4bida koolitust koost\u00f6\u00f6partnerite juures, nende hinnakirja alusel. E- \u00f5ppe teooriat pakub&nbsp;teooria.ee, kus loengud l\u00fchikeste videodena kolmes moodulis ja vahetestidega.Koolituspaketis sisaldub 90-p\u00e4evane kasutus\u00f5igus. Kui aeg saab t\u00e4is v\u00f5imalik \u00f5pilasel [&hellip;]<\/p>\n","protected":false},"author":1,"featured_media":0,"parent":0,"menu_order":0,"comment_status":"closed","ping_status":"closed","template":"","meta":{"_lightning_design_setting":[],"footnotes":""},"class_list":["post-113","page","type-page","status-publish","hentry"],"_links":{"self":[{"href":"https:\/\/arkoolitus.ee\/test2\/wp-json\/wp\/v2\/pages\/113","targetHints":{"allow":["GET"]}}],"collection":[{"href":"https:\/\/arkoolitus.ee\/test2\/wp-json\/wp\/v2\/pages"}],"about":[{"href":"https:\/\/arkoolitus.ee\/test2\/wp-json\/wp\/v2\/types\/page"}],"author":[{"embeddable":true,"href":"https:\/\/arkoolitus.ee\/test2\/wp-json\/wp\/v2\/users\/1"}],"replies":[{"embeddable":true,"href":"https:\/\/arkoolitus.ee\/test2\/wp-json\/wp\/v2\/comments?post=113"}],"version-history":[{"count":26,"href":"https:\/\/arkoolitus.ee\/test2\/wp-json\/wp\/v2\/pages\/113\/revisions"}],"predecessor-version":[{"id":896,"href":"https:\/\/arkoolitus.ee\/test2\/wp-json\/wp\/v2\/pages\/113\/revisions\/896"}],"wp:attachment":[{"href":"https:\/\/arkoolitus.ee\/test2\/wp-json\/wp\/v2\/media?parent=113"}],"curies":[{"name":"wp","href":"https:\/\/api.w.org\/{rel}","templated":true}]}}