{"id":119,"date":"2024-03-19T10:47:37","date_gmt":"2024-03-19T10:47:37","guid":{"rendered":"https:\/\/arkoolitus.ee\/test2\/?page_id=119"},"modified":"2026-05-01T09:19:01","modified_gmt":"2026-05-01T06:19:01","slug":"loppastme-koolitus","status":"publish","type":"page","link":"https:\/\/arkoolitus.ee\/test2\/loppastme-koolitus\/","title":{"rendered":"L\u00f5ppastme koolitus"},"content":{"rendered":"\n<h3 class=\"wp-block-heading\">L\u00f5ppastme koolitus<\/h3>\n\n\n\n<p>- alates 150\u20ac<\/p>\n\n\n\n<p>sisaldab: e-\u00f5ppe teooriat&nbsp;<a href=\"https:\/\/www.teooria.ee\/\">teooria.ee<\/a>&nbsp;keskkonnas, kontakttundi, liberajal praktikat, s\u00e4\u00e4stlikku s\u00f5idutundi.<br>Liberajal praktiline teooria 1x45min ja s\u00f5it 1x45min.<\/p>\n\n\n\n<p>Koolituse hind s\u00f5ltub koolituse p\u00e4evast \u2013 t\u00f6\u00f6p\u00e4evadel lisatasuta, <br>puhkep\u00e4evadel lisatasu 5\u20ac, <br>automaatk\u00e4igukastiga lisatasu 15\u20ac (liberajal) , s\u00e4\u00e4stlik s\u00f5itu autokool saab pakkuda automaatkastiga ainult \u00f5pilase enda autoga. <br><br>Manuaali korral v\u00f5imalik valida, kas soovite enda omaga v\u00f5i autokooli autoga.<br><br><strong>NB! Autos\u00f5it O\u00dc Aseri liberajal v\u00f5imalus l\u00f5ppastme koolituse liberaja koolituse osa l\u00e4bi viia reedeti ja laup\u00e4eviti!<br>Tallinna ja Tartu liberadadel ka v\u00f5imalus k\u00e4ia, hinnad ja koolitusp\u00e4evad sel juhul kokkuleppel.<\/strong><\/p>\n\n\n\n<p>Koolitus koosneb teooriast 3x45min, s\u00e4\u00e4stlik s\u00f5it 1x45min, liberajal teoreetiline praktika 1x45min, libedarajal s\u00f5idutund alates 1x45min (autos \u00fcksi v\u00f5i teise \u00f5pilasega, juhendatakse saatja teel). Koolituste l\u00e4biviimiseks kasutame koost\u00f6\u00f6parneri Autos\u00f5it O\u00dc liberadasid.<\/p>\n\n\n\n<p>Uus alates 01.10.2023 kehtiv\u00a0\u00f5ppekava leitav siit <a href=\"https:\/\/arkoolitus.ee\/test2\/wp-content\/uploads\/2024\/04\/Oppekava-ja-ainekaardid2023.pdf\">\u00f5ppekava<\/a>.<br><\/p>\n\n\n\n<div class=\"wp-block-buttons is-content-justification-center is-layout-flex wp-container-core-buttons-is-layout-16018d1d wp-block-buttons-is-layout-flex\">\n<div class=\"wp-block-button\"><a class=\"wp-block-button__link has-foreground-color has-tertiary-background-color has-text-color has-background has-link-color wp-element-button\" href=\"https:\/\/arkoolitus.ee\/test2\/registreerumine\/\" style=\"border-width:1px;border-radius:20px\">Registreeru koolitusele<\/a><\/div>\n<\/div>\n\n\n\n<p><\/p>\n\n\n\n<p class=\"has-text-align-center\"><strong>Koolituste eest saab tasuda<\/strong>:<\/p>\n\n\n\n<p class=\"has-text-align-center\">AR Koolitus O\u00dc arveldusarvele:<br>CoopPank: EE714204278623992501<br>Selgitusse koolitatava nimi, ja mille eest tasuti.<\/p>\n","protected":false},"excerpt":{"rendered":"<p>L\u00f5ppastme koolitus - alates 150\u20ac sisaldab: e-\u00f5ppe teooriat&nbsp;teooria.ee&nbsp;keskkonnas, kontakttundi, liberajal praktikat, s\u00e4\u00e4stlikku s\u00f5idutundi.Liberajal praktiline teooria 1x45min ja s\u00f5it 1x45min. Koolituse hind s\u00f5ltub koolituse p\u00e4evast \u2013 t\u00f6\u00f6p\u00e4evadel lisatasuta, puhkep\u00e4evadel lisatasu 5\u20ac, automaatk\u00e4igukastiga lisatasu 15\u20ac (liberajal) , s\u00e4\u00e4stlik s\u00f5itu autokool saab pakkuda automaatkastiga ainult \u00f5pilase enda autoga. Manuaali korral v\u00f5imalik valida, kas soovite enda omaga v\u00f5i autokooli [&hellip;]<\/p>\n","protected":false},"author":1,"featured_media":0,"parent":0,"menu_order":0,"comment_status":"closed","ping_status":"closed","template":"","meta":{"_lightning_design_setting":{"layout":"default"},"footnotes":""},"class_list":["post-119","page","type-page","status-publish","hentry"],"_links":{"self":[{"href":"https:\/\/arkoolitus.ee\/test2\/wp-json\/wp\/v2\/pages\/119","targetHints":{"allow":["GET"]}}],"collection":[{"href":"https:\/\/arkoolitus.ee\/test2\/wp-json\/wp\/v2\/pages"}],"about":[{"href":"https:\/\/arkoolitus.ee\/test2\/wp-json\/wp\/v2\/types\/page"}],"author":[{"embeddable":true,"href":"https:\/\/arkoolitus.ee\/test2\/wp-json\/wp\/v2\/users\/1"}],"replies":[{"embeddable":true,"href":"https:\/\/arkoolitus.ee\/test2\/wp-json\/wp\/v2\/comments?post=119"}],"version-history":[{"count":14,"href":"https:\/\/arkoolitus.ee\/test2\/wp-json\/wp\/v2\/pages\/119\/revisions"}],"predecessor-version":[{"id":1111,"href":"https:\/\/arkoolitus.ee\/test2\/wp-json\/wp\/v2\/pages\/119\/revisions\/1111"}],"wp:attachment":[{"href":"https:\/\/arkoolitus.ee\/test2\/wp-json\/wp\/v2\/media?parent=119"}],"curies":[{"name":"wp","href":"https:\/\/api.w.org\/{rel}","templated":true}]}}