{"id":136,"date":"2024-03-19T11:07:01","date_gmt":"2024-03-19T11:07:01","guid":{"rendered":"https:\/\/arkoolitus.ee\/test2\/?page_id=136"},"modified":"2026-04-29T23:04:33","modified_gmt":"2026-04-29T20:04:33","slug":"koolitused","status":"publish","type":"page","link":"https:\/\/arkoolitus.ee\/test2\/koolitused\/","title":{"rendered":"Koolitused"},"content":{"rendered":"\n<h4 class=\"wp-block-heading\">KOOLITUSED<\/h4>\n\n\n\n<p class=\"has-vivid-red-color has-text-color has-link-color has-regular-font-size wp-elements-32ea196c9382c7b725e8dbe9bc6b2183\"><a href=\"https:\/\/arkoolitus.ee\/test2\/algastme-koolitus\/\"><strong>B- kategooria koolitus (rohkem infot pealkirjale klikates)<\/strong><\/a><a href=\"https:\/\/alutaguseautokool.ee\/b-kategooria-algaste\"><strong>.<\/strong><\/a>&nbsp;hind alates&nbsp;<strong>974\u20ac<\/strong><\/p>\n\n\n\n<p class=\"has-regular-font-size\">(t\u00e4psemat infot n\u00e4eb klikates pealkirjal)<br>sisaldab: e-\u00f5ppe teooriat teooria.ee keskkonnas, kontakttunde, s\u00f5idutunde 28tk x 45min, algastme libedas\u00f5idukoolitus, algastme pimeda aja koolitust. <br><span style=\"text-decoration: underline;\">Hinnale lisandub esmaabi koolituse maksumus (v\u00f5imalik l\u00e4bid koolituspartneri juures).<\/span> Koolitused: EST \/ ENG \/ RUS<\/p>\n\n\n\n<hr class=\"wp-block-separator has-alpha-channel-opacity\"\/>\n\n\n\n\n\n<p class=\"has-black-color has-text-color has-link-color has-regular-font-size wp-elements-131aba09a200c1145ed71820b55dde1b\"><strong>Lisas\u00f5idutund<\/strong>&nbsp;\u2013 45 minutit \u2013&nbsp;<strong>30\u20ac<\/strong><br>Koolitused: EST \/ ENG \/ RUS<br><\/p>\n\n\n\n<hr>\n<p>&nbsp;<\/p>\n\n\n\n<p class=\"has-regular-font-size\"><strong>Proovieksam<\/strong>&nbsp;\u2013 55 minutit \u2013&nbsp;<strong>45\u20ac<\/strong><br>Koolitused: EST \/ ENG \/ RUS<br>Tule pane oma oskused proovile - kas oled riiklikuks eksamiks valmis?<\/p>\n\n\n\n<hr>\n<p>&nbsp;<\/p>\n\n\n\n<p class=\"has-regular-font-size\"><strong>J\u00e4tku\u00f5ppe koolitus<\/strong>&nbsp;\u2013&nbsp;<strong>80\u20ac<\/strong> <br>riiklikul s\u00f5idueksamilkolmel korral eba\u00f5nnestunud \u00f5pilasele kohustuslik koolitus - vigade anal\u00fc\u00fcsiks! <br>sisaldab: 2\u00d745 minutit s\u00f5idutundi, eelnevate eksamite eba\u00f5nnestumiste p\u00f5hjuste v\u00e4ljaselgitamine, transpordiameti teavitamist koolituse l\u00e4bimise kohta.<br>Koolitused: EST \/ ENG \/ RUS<\/p>\n\n\n\n<hr>\n<p>&nbsp;<\/p>\n\n\n\n<p class=\"has-vivid-red-color has-text-color has-link-color has-regular-font-size wp-elements-b91005e1f429bdf7725f6b38ac7c5d5c\"><a href=\"https:\/\/arkoolitus.ee\/test2\/loppastme-koolitus\/\" data-type=\"page\" data-id=\"119\"><strong>L\u00f5ppastme koolitus<\/strong>\u00a0alates\u00a0<strong>150\u20ac<\/strong> (t\u00e4psemat infot n\u00e4eb klikates pealkirjal)<\/a><\/p>\n\n\n\n<p class=\"has-vivid-red-color has-text-color has-link-color has-regular-font-size\"><span style=\"color: #000000;\">- peale juhilubade k\u00e4tte saamist kohustuslik l\u00e4bida 2 aasta jooksul. Soovitame - tule tee kooolitus v\u00f5imalikult ruttu \u00e4ra siis ei tule \u00fcllatusena 2 aasta p\u00e4rast esmaste juhilubade aegumine!<br \/>sisaldab: e-\u00f5ppe teooriat teooria.ee keskkonnas, kontakttundi, liberajal praktikat, s\u00e4\u00e4stlikku s\u00f5idutundi.<\/span><br \/><span style=\"color: #000000;\">Liberajal praktiline teooria ja liberajal s\u00f5it 1x45min.\u00a0<\/span><br \/><span style=\"color: #000000;\">Koolitused: EST \/\u00a0 RUS \/\u00a0<br \/>Koolitust ENG eraldi hinnakirja ja kokkuleppel autokooliga!<\/span><\/p>\n\n\n\n\n\n<hr>\n<p>&nbsp;<\/p>\n\n\n\n<p class=\"has-regular-font-size\"><br><strong>Koolituste eest saab tasuda<\/strong>:<\/p>\n\n\n\n<p class=\"has-regular-font-size\">AR Koolitus O\u00dc arveldusarvele:<br>CoopPank: EE714204278623992501<br>Selgitusse koolitatava nimi, ja mille eest tasuti.<\/p>\n","protected":false},"excerpt":{"rendered":"<p>KOOLITUSED B- kategooria koolitus (rohkem infot pealkirjale klikates).&nbsp;hind alates&nbsp;974\u20ac (t\u00e4psemat infot n\u00e4eb klikates pealkirjal)sisaldab: e-\u00f5ppe teooriat teooria.ee keskkonnas, kontakttunde, s\u00f5idutunde 28tk x 45min, algastme libedas\u00f5idukoolitus, algastme pimeda aja koolitust. Hinnale lisandub esmaabi koolituse maksumus (v\u00f5imalik l\u00e4bid koolituspartneri juures). Koolitused: EST \/ ENG \/ RUS Lisas\u00f5idutund&nbsp;\u2013 45 minutit \u2013&nbsp;30\u20acKoolitused: EST \/ ENG \/ RUS &nbsp; Proovieksam&nbsp;\u2013 [&hellip;]<\/p>\n","protected":false},"author":1,"featured_media":0,"parent":0,"menu_order":0,"comment_status":"closed","ping_status":"closed","template":"","meta":{"_lightning_design_setting":{"layout":"default"},"footnotes":""},"class_list":["post-136","page","type-page","status-publish","hentry"],"_links":{"self":[{"href":"https:\/\/arkoolitus.ee\/test2\/wp-json\/wp\/v2\/pages\/136","targetHints":{"allow":["GET"]}}],"collection":[{"href":"https:\/\/arkoolitus.ee\/test2\/wp-json\/wp\/v2\/pages"}],"about":[{"href":"https:\/\/arkoolitus.ee\/test2\/wp-json\/wp\/v2\/types\/page"}],"author":[{"embeddable":true,"href":"https:\/\/arkoolitus.ee\/test2\/wp-json\/wp\/v2\/users\/1"}],"replies":[{"embeddable":true,"href":"https:\/\/arkoolitus.ee\/test2\/wp-json\/wp\/v2\/comments?post=136"}],"version-history":[{"count":23,"href":"https:\/\/arkoolitus.ee\/test2\/wp-json\/wp\/v2\/pages\/136\/revisions"}],"predecessor-version":[{"id":1114,"href":"https:\/\/arkoolitus.ee\/test2\/wp-json\/wp\/v2\/pages\/136\/revisions\/1114"}],"wp:attachment":[{"href":"https:\/\/arkoolitus.ee\/test2\/wp-json\/wp\/v2\/media?parent=136"}],"curies":[{"name":"wp","href":"https:\/\/api.w.org\/{rel}","templated":true}]}}