{"id":150,"date":"2024-03-19T11:28:18","date_gmt":"2024-03-19T11:28:18","guid":{"rendered":"https:\/\/arkoolitus.ee\/test2\/?page_id=150"},"modified":"2026-04-25T18:56:45","modified_gmt":"2026-04-25T15:56:45","slug":"registreerumine","status":"publish","type":"page","link":"https:\/\/arkoolitus.ee\/test2\/registreerumine\/","title":{"rendered":"Registreerumine"},"content":{"rendered":"\n<h3 class=\"wp-block-heading\">Koolitusele registreerumine<\/h3>\n\n\n\n<p class=\"has-text-align-center has-small-font-size\"><strong>Enne registreerumist koolitusele<\/strong><br><strong> kontrolli, et sul oleks olemas kehtiv terviset\u00f5end autojuhile!<\/strong><br><br>Kui veel tegemata siis pane oma perearsti juurde aeg ja tee see ruttu \u00e4ra!<\/p>\n\n\n<div class=\"cfcf7-block-container\"><div style=\"--cfcf7-block-bg:#fff; --cfcf7-block-line-height:1.4em; --cfcf7-block-font-size:14px; --cfcf7-block-padding-top:2em; --cfcf7-block-padding-sides:2em; --cfcf7-block-padding-bottom:2em; --cfcf7-block-margin-top:-0.7em; --cfcf7-block-margin-sides:0em; --cfcf7-block-margin-bottom:-1em; --cfcf7-block-radius:2em; --cfcf7-block-radius-top-left:2em; --cfcf7-block-radius-top-right:2em; --cfcf7-block-radius-bottom-left:2em; --cfcf7-block-radius-bottom-right:2em; --cfcf7-block-shadow:0em 0.5em 5em -3em black; --cfcf7-block-border-style:none; --cfcf7-block-border-width:0; --cfcf7-block-border-color:black; background-color:var(--cfcf7-block-bg); line-height:var(--cfcf7-block-line-height) !important; font-size:var(--cfcf7-block-font-size); padding-top:var(--cfcf7-block-padding-top); padding-left:var(--cfcf7-block-padding-sides); padding-right:var(--cfcf7-block-padding-sides); padding-bottom:var(--cfcf7-block-padding-bottom); margin-top:var(--cfcf7-block-margin-top); margin-left:var(--cfcf7-block-margin-sides); margin-right:var(--cfcf7-block-margin-sides); margin-bottom:var(--cfcf7-block-margin-bottom); border-top-left-radius:var(--cfcf7-block-radius-top-left, var(--cfcf7-block-radius, 0)); border-top-right-radius:var(--cfcf7-block-radius-top-right, var(--cfcf7-block-radius, 0)); border-bottom-left-radius:var(--cfcf7-block-radius-bottom-left, var(--cfcf7-block-radius, 0)); border-bottom-right-radius:var(--cfcf7-block-radius-bottom-right, var(--cfcf7-block-radius, 0)); box-shadow:var(--cfcf7-block-shadow); border-style:var(--cfcf7-block-border-style); border-width:var(--cfcf7-block-border-width); border-color:var(--cfcf7-block-border-color);\" class=\"cfcf7-block cfcf7-instance-1 wp-block-mofistudio-customizer-block-cf7\">\n<div class=\"wpcf7 no-js\" id=\"wpcf7-f174-o1\" lang=\"et\" dir=\"ltr\" data-wpcf7-id=\"174\">\n<div class=\"screen-reader-response\"><p role=\"status\" aria-live=\"polite\" aria-atomic=\"true\"><\/p> <ul><\/ul><\/div>\n<form action=\"\/test2\/wp-json\/wp\/v2\/pages\/150#wpcf7-f174-o1\" method=\"post\" class=\"wpcf7-form init\" aria-label=\"Contact form\" novalidate=\"novalidate\" data-status=\"init\">\n<fieldset class=\"hidden-fields-container\"><input type=\"hidden\" name=\"_wpcf7\" value=\"174\" \/><input type=\"hidden\" name=\"_wpcf7_version\" value=\"6.1.5\" \/><input type=\"hidden\" name=\"_wpcf7_locale\" value=\"et\" \/><input type=\"hidden\" name=\"_wpcf7_unit_tag\" value=\"wpcf7-f174-o1\" \/><input type=\"hidden\" name=\"_wpcf7_container_post\" value=\"0\" \/><input type=\"hidden\" name=\"_wpcf7_posted_data_hash\" value=\"\" \/>\n<\/fieldset>\n<p><label> Vali koolitus:* <\/label><br \/>\n<span class=\"wpcf7-form-control-wrap\" data-name=\"your-subject\"><select class=\"wpcf7-form-control wpcf7-select wpcf7-validates-as-required\" aria-required=\"true\" aria-invalid=\"false\" name=\"your-subject\"><option value=\"B-kat. algastmekoolitus\">B-kat. algastmekoolitus<\/option><option value=\"J\u00e4tku\u00f5pe - riiklikul s\u00f5dueksamil kolmel korral eba\u00f5nnestunud \u00f5pilasele!\">J\u00e4tku\u00f5pe - riiklikul s\u00f5dueksamil kolmel korral eba\u00f5nnestunud \u00f5pilasele!<\/option><option value=\"B-kat. l\u00f5ppastmekoolitus\">B-kat. l\u00f5ppastmekoolitus<\/option><\/select><\/span>\n<\/p>\n<p><label>\u00d5ppida soovin:<\/label><br \/>\n<span class=\"wpcf7-form-control-wrap\" data-name=\"checkbox-422\"><select class=\"wpcf7-form-control wpcf7-select wpcf7-validates-as-required\" aria-required=\"true\" aria-invalid=\"false\" name=\"checkbox-422\"><option value=\"Eesti keeles\">Eesti keeles<\/option><option value=\"Vene keeles\">Vene keeles<\/option><option value=\"Inglise keeles\">Inglise keeles<\/option><\/select><\/span>\n<\/p>\n<p><label>Millal soovin alustada koolitusega:<\/label><br \/>\n<span class=\"wpcf7-form-control-wrap\" data-name=\"date\"><input class=\"wpcf7-form-control wpcf7-date wpcf7-validates-as-date\" min=\"2026-05-02\" aria-invalid=\"false\" value=\"2026-05-02\" type=\"date\" name=\"date\" \/><\/span><br \/>\n(l\u00f5ppastme koolituse puhul vali liberajale minemise p\u00e4ev, pakkuda saame reedeid v\u00f5i laup\u00e4evi!)\n<\/p>\n<p><label> Ees- ja Perekonnanimi* <\/label><br \/>\n<span class=\"wpcf7-form-control-wrap\" data-name=\"your-name\"><input size=\"40\" maxlength=\"400\" class=\"wpcf7-form-control wpcf7-text wpcf7-validates-as-required\" autocomplete=\"name\" aria-required=\"true\" aria-invalid=\"false\" value=\"\" type=\"text\" name=\"your-name\" \/><\/span>\n<\/p>\n<p><label> Isikukood* <\/label><br \/>\n<span class=\"wpcf7-form-control-wrap\" data-name=\"isikukood\"><input size=\"40\" maxlength=\"400\" class=\"wpcf7-form-control wpcf7-tel wpcf7-validates-as-required wpcf7-text wpcf7-validates-as-tel\" aria-required=\"true\" aria-invalid=\"false\" value=\"\" type=\"tel\" name=\"isikukood\" \/><\/span>\n<\/p>\n<p><label> E-mail* <\/label><br \/>\n<span class=\"wpcf7-form-control-wrap\" data-name=\"your-email\"><input size=\"40\" maxlength=\"400\" class=\"wpcf7-form-control wpcf7-email wpcf7-validates-as-required wpcf7-text wpcf7-validates-as-email\" autocomplete=\"email\" aria-required=\"true\" aria-invalid=\"false\" value=\"\" type=\"email\" name=\"your-email\" \/><\/span>\n<\/p>\n<p><label> Telefon* <\/label>\n<\/p>\n<p><span class=\"wpcf7-form-control-wrap\" data-name=\"tel-778\"><input size=\"40\" maxlength=\"400\" class=\"wpcf7-form-control wpcf7-tel wpcf7-validates-as-required wpcf7-text wpcf7-validates-as-tel\" aria-required=\"true\" aria-invalid=\"false\" value=\"\" type=\"tel\" name=\"tel-778\" \/><\/span>\n<\/p>\n<p><label> Mootors\u00f5idukijuhi terviset\u00f5end on mul:* <\/label><br \/>\n<span class=\"wpcf7-form-control-wrap\" data-name=\"tervisetoend\"><span class=\"wpcf7-form-control wpcf7-checkbox wpcf7-exclusive-checkbox\"><span class=\"wpcf7-list-item first\"><label><input type=\"checkbox\" name=\"tervisetoend\" value=\"kehtiv\" \/><span class=\"wpcf7-list-item-label\">kehtiv<\/span><\/label><\/span><span class=\"wpcf7-list-item last\"><label><input type=\"checkbox\" name=\"tervisetoend\" value=\"teen varsti\" \/><span class=\"wpcf7-list-item-label\">teen varsti<\/span><\/label><\/span><\/span><\/span>\n<\/p>\n<p><label> Lisainfo (valikuline)<br \/>\n<span class=\"wpcf7-form-control-wrap\" data-name=\"your-message\"><textarea cols=\"40\" rows=\"10\" maxlength=\"2000\" class=\"wpcf7-form-control wpcf7-textarea\" aria-invalid=\"false\" name=\"your-message\"><\/textarea><\/span><br \/>\n<\/label>\n<\/p>\n<p><div id=\"cf7sr-69f575d1eff7d\" class=\"cf7sr-g-turnstile\" data-theme=\"auto\" data-language=\"auto\" data-size=\"compact\" data-appearance=\"always\" data-sitekey=\"0x4AAAAAABkXj4ojg8XLLqe7\"><\/div><span class=\"wpcf7-form-control-wrap cf7sr-turnstile\" data-name=\"cf7sr-turnstile\"><input type=\"hidden\" name=\"cf7sr-turnstile\" value=\"\" class=\"wpcf7-form-control\"><\/span>\n<\/p>\n<p><input class=\"wpcf7-form-control wpcf7-submit has-spinner\" type=\"submit\" value=\"Saada andmed\" \/>\n<\/p>\n<p><label> Saates andmed kinnitan, et sisestatud andmed on \u00f5iged.<br \/>\n* ga v\u00e4ljad on vajalikud Transpordiametis koolitusele registreerimiseks <\/label>\n<\/p><div class=\"wpcf7-response-output\" aria-hidden=\"true\"><\/div>\n<\/form>\n<\/div>\n<\/div><\/div>\n\n\n<p class=\"has-text-align-center\"><br><strong>Saates enda andmed n\u00f5ustun koolituslepingu tingimustega, <\/strong><br><strong>\u00fchtlasi kinnitan, et olen tutvunud koolituslepingu tingimustega. <\/strong><br><a href=\"https:\/\/arkoolitus.ee\/test2\/wp-content\/uploads\/2025\/08\/L2025.pdf\">Lepinguga v\u00f5imalik tutvuda siin.<\/a><\/p>\n\n\n\n<p><\/p>\n","protected":false},"excerpt":{"rendered":"<p>Koolitusele registreerumine Enne registreerumist koolitusele kontrolli, et sul oleks olemas kehtiv terviset\u00f5end autojuhile! Kui veel tegemata siis pane oma perearsti juurde aeg ja tee see ruttu \u00e4ra! Saates enda andmed n\u00f5ustun koolituslepingu tingimustega, \u00fchtlasi kinnitan, et olen tutvunud koolituslepingu tingimustega. Lepinguga v\u00f5imalik tutvuda siin.<\/p>\n","protected":false},"author":1,"featured_media":0,"parent":0,"menu_order":0,"comment_status":"closed","ping_status":"closed","template":"","meta":{"_lightning_design_setting":{"layout":"col-two"},"footnotes":""},"class_list":["post-150","page","type-page","status-publish","hentry"],"_links":{"self":[{"href":"https:\/\/arkoolitus.ee\/test2\/wp-json\/wp\/v2\/pages\/150","targetHints":{"allow":["GET"]}}],"collection":[{"href":"https:\/\/arkoolitus.ee\/test2\/wp-json\/wp\/v2\/pages"}],"about":[{"href":"https:\/\/arkoolitus.ee\/test2\/wp-json\/wp\/v2\/types\/page"}],"author":[{"embeddable":true,"href":"https:\/\/arkoolitus.ee\/test2\/wp-json\/wp\/v2\/users\/1"}],"replies":[{"embeddable":true,"href":"https:\/\/arkoolitus.ee\/test2\/wp-json\/wp\/v2\/comments?post=150"}],"version-history":[{"count":47,"href":"https:\/\/arkoolitus.ee\/test2\/wp-json\/wp\/v2\/pages\/150\/revisions"}],"predecessor-version":[{"id":992,"href":"https:\/\/arkoolitus.ee\/test2\/wp-json\/wp\/v2\/pages\/150\/revisions\/992"}],"wp:attachment":[{"href":"https:\/\/arkoolitus.ee\/test2\/wp-json\/wp\/v2\/media?parent=150"}],"curies":[{"name":"wp","href":"https:\/\/api.w.org\/{rel}","templated":true}]}}