{"id":19,"date":"2024-03-16T10:11:53","date_gmt":"2024-03-16T10:11:53","guid":{"rendered":"https:\/\/arkoolitus.ee\/test2\/contact\/"},"modified":"2026-04-25T18:56:19","modified_gmt":"2026-04-25T15:56:19","slug":"kontakt","status":"publish","type":"page","link":"https:\/\/arkoolitus.ee\/test2\/kontakt\/","title":{"rendered":"Kontakt"},"content":{"rendered":"\n<div class=\"wp-block-group alignfull has-background-background-color has-background\" style=\"margin-top:0;margin-bottom:0;padding-top:var(--wp--preset--spacing--60);padding-right:var(--wp--preset--spacing--30);padding-bottom:var(--wp--preset--spacing--60);padding-left:var(--wp--preset--spacing--30)\"><div class=\"wp-block-group__inner-container is-layout-constrained wp-container-core-group-is-layout-392eb801 wp-block-group-is-layout-constrained\">\n<div class=\"wp-block-columns alignwide is-layout-flex wp-container-core-columns-is-layout-6b2998fd wp-block-columns-is-layout-flex\">\n<div class=\"wp-block-column is-layout-flow wp-block-column-is-layout-flow\" style=\"flex-basis:50%\">\n<hr class=\"wp-block-separator has-text-color has-tertiary-color has-alpha-channel-opacity has-tertiary-background-color has-background is-style-wide\"\/>\n\n\n\n<div class=\"wp-block-group\"><div class=\"wp-block-group__inner-container is-layout-flow wp-block-group-is-layout-flow\">\n<h4 style=\"text-align: center;\"><strong>AR Koolitus O\u00dc<\/strong><\/h4>\n<p style=\"text-align: center;\">Reg. nr. 16509303<br \/>Koolitusluba 1.1-3\/22\/160<br \/><br \/>Juriidiline aadres:<br \/>J\u00f5gevamaa, Avinurme, 42101<br \/><br \/><a href=\"https:\/\/wa.me\/3725268162\"><img loading=\"lazy\" decoding=\"async\" class=\"alignnone wp-image-1175\" src=\"https:\/\/arkoolitus.ee\/test2\/wp-content\/uploads\/2026\/03\/whatsapp.jpg\" alt=\"\" width=\"68\" height=\"65\" \/><\/a><\/p>\n<p style=\"text-align: center;\">(372) 52 68 162<br \/>info@arkoolitus.ee<\/p>\n<p style=\"text-align: center;\">Leia meid ka:<\/p>\n<p style=\"text-align: center;\"><a href=\"https:\/\/www.facebook.com\/arkoolitus\/\" target=\"_blank\" rel=\"noopener\"><img loading=\"lazy\" decoding=\"async\" class=\"aligncenter wp-image-1176\" src=\"https:\/\/arkoolitus.ee\/test2\/wp-content\/uploads\/2026\/03\/face-300x276.jpg\" alt=\"\" width=\"70\" height=\"65\" srcset=\"https:\/\/arkoolitus.ee\/test2\/wp-content\/uploads\/2026\/03\/face-300x276.jpg 300w, https:\/\/arkoolitus.ee\/test2\/wp-content\/uploads\/2026\/03\/face.jpg 312w\" sizes=\"auto, (max-width: 70px) 100vw, 70px\" \/><\/a><\/p>\n<p style=\"text-align: center;\"><a href=\"https:\/\/www.instagram.com\/arkoolitus\/\" target=\"_blank\" rel=\"noopener\"><img loading=\"lazy\" decoding=\"async\" class=\"aligncenter wp-image-1177\" src=\"https:\/\/arkoolitus.ee\/test2\/wp-content\/uploads\/2026\/03\/insta-296x300.jpg\" alt=\"\" width=\"51\" height=\"52\" srcset=\"https:\/\/arkoolitus.ee\/test2\/wp-content\/uploads\/2026\/03\/insta-296x300.jpg 296w, https:\/\/arkoolitus.ee\/test2\/wp-content\/uploads\/2026\/03\/insta-150x150.jpg 150w, https:\/\/arkoolitus.ee\/test2\/wp-content\/uploads\/2026\/03\/insta.jpg 308w\" sizes=\"auto, (max-width: 51px) 100vw, 51px\" \/><\/a><\/p>\n<p style=\"text-align: center;\"><a href=\"https:\/\/www.tiktok.com\/@arkoolitus\" target=\"_blank\" rel=\"noopener\"><img loading=\"lazy\" decoding=\"async\" class=\"aligncenter wp-image-703\" src=\"https:\/\/arkoolitus.ee\/test2\/wp-content\/uploads\/2025\/04\/Untitled-1.png\" alt=\"\" width=\"65\" height=\"65\" \/><\/a><\/p>\n<p class=\"has-small-font-size\">\u00a0<\/p>\n<p style=\"text-align: center;\"><strong>Koolituste eest saab tasuda<\/strong>:<\/p>\n<p style=\"text-align: center;\">AR Koolitus O\u00dc arveldusarvele:<br \/>CoopPank: EE714204278623992501<br \/>Selgitusse koolitatava nimi ja mille eest tasuti.<\/p>\n<p>\u00a0<\/p>\n<\/div><\/div>\n\n\n\n<hr class=\"wp-block-separator has-text-color has-tertiary-color has-alpha-channel-opacity has-tertiary-background-color has-background is-style-wide\"\/>\n\n\n\n<div class=\"wp-block-group\"><div class=\"wp-block-group__inner-container is-layout-flow wp-block-group-is-layout-flow\">\n<figure class=\"wp-block-image size-large has-custom-border\"><img loading=\"lazy\" decoding=\"async\" width=\"1024\" height=\"576\" src=\"https:\/\/arkoolitus.ee\/test2\/wp-content\/uploads\/2024\/04\/20240421_191004-1024x576.jpg\" alt=\"\" class=\"wp-image-254\" style=\"border-radius:26px\" srcset=\"https:\/\/arkoolitus.ee\/test2\/wp-content\/uploads\/2024\/04\/20240421_191004-1024x576.jpg 1024w, https:\/\/arkoolitus.ee\/test2\/wp-content\/uploads\/2024\/04\/20240421_191004-300x169.jpg 300w, https:\/\/arkoolitus.ee\/test2\/wp-content\/uploads\/2024\/04\/20240421_191004-768x432.jpg 768w, https:\/\/arkoolitus.ee\/test2\/wp-content\/uploads\/2024\/04\/20240421_191004-1536x864.jpg 1536w, https:\/\/arkoolitus.ee\/test2\/wp-content\/uploads\/2024\/04\/20240421_191004-2048x1153.jpg 2048w\" sizes=\"auto, (max-width: 1024px) 100vw, 1024px\" \/><\/figure>\n<\/div><\/div>\n\n\n\n<p><br><strong>S\u00f5idu- ja teooriatunde viib l\u00e4bi:<\/strong><\/p>\n\n\n\n<p><strong>Aavo Renser<\/strong> - \u00d5T 006127<br>L\u00e4binud:<br>2011 a. Mootors\u00f5idukijuhi \u00f5petaja libedas\u00f5idu erikoolitus - Tallinna Tehnikak\u00f5rgkool<br>2012 a. \u00f5petaja koolituse Tallinna \u00dclikool<br>2015 a Kutsekvalifikatsiooni tase 6 Tallinna \u00dclikool<br>2019 a. Mootors\u00f5idukijuhi \u00f5petaja t\u00e4iendkoolitus Eesti Maa\u00fclikool<br>2025 a. Mootors\u00f5idukijuhi \u00f5petaja (B-kategooria) kvalifikatsioonin\u00f5uetele vastavuse hindamine Tallinna \u00dclikool<br><\/p>\n<\/div>\n\n\n\n<div class=\"wp-block-column is-layout-flow wp-block-column-is-layout-flow\" style=\"flex-basis:40%\">\n\n\n\n\n<h4 class=\"wp-block-heading has-regular-font-size\"><br>Kirjutage meile <a href=\"mailto:info@arkoolitus.ee\" target=\"_blank\" rel=\"noreferrer noopener\">info@arkoolitus.ee<\/a> <br><br>v\u00f5i j\u00e4rgneva kontaktivormi kaudu:<br><\/h4>\n\n\n<div class=\"cfcf7-block-container\"><div style=\"--cfcf7-block-bg:#fff; --cfcf7-block-line-height:1.4em; --cfcf7-block-font-size:14px; --cfcf7-block-padding-top:1.2em; --cfcf7-block-padding-sides:1.5em; --cfcf7-block-padding-bottom:1.3em; --cfcf7-block-margin-top:1em; --cfcf7-block-margin-sides:2em; --cfcf7-block-margin-bottom:0.8em; --cfcf7-block-radius:2em; --cfcf7-block-radius-top-left:2em; --cfcf7-block-radius-top-right:2em; --cfcf7-block-radius-bottom-left:2em; --cfcf7-block-radius-bottom-right:2em; --cfcf7-block-shadow:0em 0.5em 5em -3em black; --cfcf7-block-border-style:none; --cfcf7-block-border-width:0; --cfcf7-block-border-color:black; background-color:var(--cfcf7-block-bg); line-height:var(--cfcf7-block-line-height) !important; font-size:var(--cfcf7-block-font-size); padding-top:var(--cfcf7-block-padding-top); padding-left:var(--cfcf7-block-padding-sides); padding-right:var(--cfcf7-block-padding-sides); padding-bottom:var(--cfcf7-block-padding-bottom); margin-top:var(--cfcf7-block-margin-top); margin-left:var(--cfcf7-block-margin-sides); margin-right:var(--cfcf7-block-margin-sides); margin-bottom:var(--cfcf7-block-margin-bottom); border-top-left-radius:var(--cfcf7-block-radius-top-left, var(--cfcf7-block-radius, 0)); border-top-right-radius:var(--cfcf7-block-radius-top-right, var(--cfcf7-block-radius, 0)); border-bottom-left-radius:var(--cfcf7-block-radius-bottom-left, var(--cfcf7-block-radius, 0)); border-bottom-right-radius:var(--cfcf7-block-radius-bottom-right, var(--cfcf7-block-radius, 0)); box-shadow:var(--cfcf7-block-shadow); border-style:var(--cfcf7-block-border-style); border-width:var(--cfcf7-block-border-width); border-color:var(--cfcf7-block-border-color);\" class=\"cfcf7-block cfcf7-instance-1 wp-block-mofistudio-customizer-block-cf7\">\n<div class=\"wpcf7 no-js\" id=\"wpcf7-f52-o1\" lang=\"et\" dir=\"ltr\" data-wpcf7-id=\"52\">\n<div class=\"screen-reader-response\"><p role=\"status\" aria-live=\"polite\" aria-atomic=\"true\"><\/p> <ul><\/ul><\/div>\n<form action=\"\/test2\/wp-json\/wp\/v2\/pages\/19#wpcf7-f52-o1\" method=\"post\" class=\"wpcf7-form init\" aria-label=\"Contact form\" novalidate=\"novalidate\" data-status=\"init\">\n<fieldset class=\"hidden-fields-container\"><input type=\"hidden\" name=\"_wpcf7\" value=\"52\" \/><input type=\"hidden\" name=\"_wpcf7_version\" value=\"6.1.5\" \/><input type=\"hidden\" name=\"_wpcf7_locale\" value=\"et\" \/><input type=\"hidden\" name=\"_wpcf7_unit_tag\" value=\"wpcf7-f52-o1\" \/><input type=\"hidden\" name=\"_wpcf7_container_post\" value=\"0\" \/><input type=\"hidden\" name=\"_wpcf7_posted_data_hash\" value=\"\" \/>\n<\/fieldset>\n<p><label> Ees- ja Perekonnanimi <\/label><br \/>\n<span class=\"wpcf7-form-control-wrap\" data-name=\"your-name\"><input size=\"40\" maxlength=\"400\" class=\"wpcf7-form-control wpcf7-text wpcf7-validates-as-required\" aria-required=\"true\" aria-invalid=\"false\" value=\"\" type=\"text\" name=\"your-name\" \/><\/span>\n<\/p>\n<p><label> E-mail <\/label><br \/>\n<span class=\"wpcf7-form-control-wrap\" data-name=\"your-email\"><input size=\"40\" maxlength=\"400\" class=\"wpcf7-form-control wpcf7-email wpcf7-validates-as-required wpcf7-text wpcf7-validates-as-email\" aria-required=\"true\" aria-invalid=\"false\" value=\"\" type=\"email\" name=\"your-email\" \/><\/span>\n<\/p>\n<p><label> Teema <\/label><br \/>\n<span class=\"wpcf7-form-control-wrap\" data-name=\"your-subject\"><span class=\"wpcf7-form-control wpcf7-checkbox wpcf7-validates-as-required wpcf7-exclusive-checkbox\"><span class=\"wpcf7-list-item first\"><label><input type=\"checkbox\" name=\"your-subject\" value=\"B.-kat. algastme koolitus\" \/><span class=\"wpcf7-list-item-label\">B.-kat. algastme koolitus<\/span><\/label><\/span><span class=\"wpcf7-list-item\"><label><input type=\"checkbox\" name=\"your-subject\" value=\"J\u00e4tku\u00f5pe\" \/><span class=\"wpcf7-list-item-label\">J\u00e4tku\u00f5pe<\/span><\/label><\/span><span class=\"wpcf7-list-item last\"><label><input type=\"checkbox\" name=\"your-subject\" value=\"B.-kat l\u00f5ppastmekoolitus\" \/><span class=\"wpcf7-list-item-label\">B.-kat l\u00f5ppastmekoolitus<\/span><\/label><\/span><\/span><\/span>\n<\/p>\n<p><label> Soovid lisainfot, t\u00e4psusta! (valikuline) <\/label><br \/>\n<span class=\"wpcf7-form-control-wrap\" data-name=\"your-message\"><textarea cols=\"40\" rows=\"10\" maxlength=\"2000\" class=\"wpcf7-form-control wpcf7-textarea\" aria-invalid=\"false\" name=\"your-message\"><\/textarea><\/span>\n<\/p>\n<p><div id=\"cf7sr-69f575d2f0668\" class=\"cf7sr-g-turnstile\" data-theme=\"auto\" data-language=\"auto\" data-size=\"compact\" data-appearance=\"always\" data-sitekey=\"0x4AAAAAABkXj4ojg8XLLqe7\"><\/div><span class=\"wpcf7-form-control-wrap cf7sr-turnstile\" data-name=\"cf7sr-turnstile\"><input type=\"hidden\" name=\"cf7sr-turnstile\" value=\"\" class=\"wpcf7-form-control\"><\/span>\n<\/p>\n<p><input class=\"wpcf7-form-control wpcf7-submit has-spinner\" type=\"submit\" value=\"Saada kiri\" \/>\n<\/p><div class=\"wpcf7-response-output\" aria-hidden=\"true\"><\/div>\n<\/form>\n<\/div>\n<\/div><\/div><\/div>\n<\/div>\n<\/div><\/div>\n\n\n\n\n","protected":false},"excerpt":{"rendered":"<p>AR Koolitus O\u00dc Reg. nr. 16509303Koolitusluba 1.1-3\/22\/160 Juriidiline aadres:J\u00f5gevamaa, Avinurme, 42101 (372) 52 68 162info@arkoolitus.ee Leia meid ka: \u00a0 Koolituste eest saab tasuda: AR Koolitus O\u00dc arveldusarvele:CoopPank: EE714204278623992501Selgitusse koolitatava nimi ja mille eest tasuti. \u00a0 S\u00f5idu- ja teooriatunde viib l\u00e4bi: Aavo Renser - \u00d5T 006127L\u00e4binud:2011 a. Mootors\u00f5idukijuhi \u00f5petaja libedas\u00f5idu erikoolitus - Tallinna Tehnikak\u00f5rgkool2012 a. \u00f5petaja [&hellip;]<\/p>\n","protected":false},"author":1,"featured_media":0,"parent":0,"menu_order":0,"comment_status":"closed","ping_status":"closed","template":"","meta":{"_lightning_design_setting":{"layout":"default"},"footnotes":""},"class_list":["post-19","page","type-page","status-publish","hentry"],"_links":{"self":[{"href":"https:\/\/arkoolitus.ee\/test2\/wp-json\/wp\/v2\/pages\/19","targetHints":{"allow":["GET"]}}],"collection":[{"href":"https:\/\/arkoolitus.ee\/test2\/wp-json\/wp\/v2\/pages"}],"about":[{"href":"https:\/\/arkoolitus.ee\/test2\/wp-json\/wp\/v2\/types\/page"}],"author":[{"embeddable":true,"href":"https:\/\/arkoolitus.ee\/test2\/wp-json\/wp\/v2\/users\/1"}],"replies":[{"embeddable":true,"href":"https:\/\/arkoolitus.ee\/test2\/wp-json\/wp\/v2\/comments?post=19"}],"version-history":[{"count":82,"href":"https:\/\/arkoolitus.ee\/test2\/wp-json\/wp\/v2\/pages\/19\/revisions"}],"predecessor-version":[{"id":1188,"href":"https:\/\/arkoolitus.ee\/test2\/wp-json\/wp\/v2\/pages\/19\/revisions\/1188"}],"wp:attachment":[{"href":"https:\/\/arkoolitus.ee\/test2\/wp-json\/wp\/v2\/media?parent=19"}],"curies":[{"name":"wp","href":"https:\/\/api.w.org\/{rel}","templated":true}]}}